{"id":280,"date":"2023-09-14T11:08:45","date_gmt":"2023-09-14T11:08:45","guid":{"rendered":"https:\/\/marmeladasamorena.es\/?page_id=280"},"modified":"2023-09-14T11:08:46","modified_gmt":"2023-09-14T11:08:46","slug":"politica-cookies","status":"publish","type":"page","link":"https:\/\/marmeladasamorena.es\/index.php\/politica-cookies\/","title":{"rendered":"Pol\u00edtica de cookies"},"content":{"rendered":"\n<p>Una cookie es un fichero que se descarga en tu ordenador al acceder a determinadas p\u00e1ginas web. Las cookies permiten a una p\u00e1gina web, entre otras cosas, almacenar y recuperar informaci\u00f3n sobre los h\u00e1bitos de navegaci\u00f3n de un usuario o de su equipo y, dependiendo de la informaci\u00f3n que contengan y de la forma en que utilice tu equipo, pueden utilizarse para reconocer al usuario. El navegador del usuario memoriza cookies en el disco duro solamente durante la sesi\u00f3n actual ocupando un espacio de memoria m\u00ednimo y no perjudicando al ordenador. Las cookies no contienen ninguna clase de informaci\u00f3n personal espec\u00edfica, y la mayor\u00eda de estas se borran del disco duro al finalizar la sesi\u00f3n de navegador (las denominadas cookies de sesi\u00f3n).<\/p>\n\n\n\n<p>La mayor\u00eda de los navegadores aceptan como est\u00e1ndar a las cookies y, con independencia de estas, permiten o impiden en los ajustes de seguridad las cookies temporales o memorizadas.<\/p>\n\n\n\n<h2 class=\"wp-block-heading\">\u00bfqu\u00e9 tipos de cookies utiliza el presente sitio web y con qu\u00e9 finalidad?<\/h2>\n\n\n\n<p><strong>Seg\u00fan la entidad que las gestiona<\/strong><\/p>\n\n\n\n<ul class=\"wp-block-list\">\n<li><em>Cookies propias:<\/em>&nbsp;son las enviadas al terminal del usuario desde el equipo gestionado por el titular del sitio web y desde el cual se presta el servicio al usuario.<\/li>\n\n\n\n<li><em>Cookies de terceros:<\/em>&nbsp;son las enviadas al terminal del usuario desde un equipo no gestionado por el titular del sitio web, sino por una tercera entidad.<\/li>\n<\/ul>\n\n\n\n<p><strong>Seg\u00fan el tiempo que permanecen activadas<\/strong><\/p>\n\n\n\n<ul class=\"wp-block-list\">\n<li><em>Cookies de sesi\u00f3n:<\/em>&nbsp;se trata de las cookies que recaban y almacenan informaci\u00f3n durante el acceso del usuario al sitio web y que desaparecen o se eliminan una vez dicho acceso haya finalizado.<\/li>\n\n\n\n<li><em>Cookies permanentes:<\/em>&nbsp;son aquellas cookies que mantienen los datos almacenados en el terminal pudiendo ser accedidos y tratados durante un periodo definido por el responsable de la cookie.<\/li>\n<\/ul>\n\n\n\n<p><strong>Seg\u00fan su finalidad<\/strong><\/p>\n\n\n\n<ul class=\"wp-block-list\">\n<li><em>Cookies t\u00e9cnicas:<\/em>&nbsp;son las cookies que permiten al usuario la navegaci\u00f3n por el sitio web, as\u00ed como el uso de las diferentes funcionalidades y servicios de este.<\/li>\n\n\n\n<li><em>Cookies anal\u00edticas:<\/em>&nbsp;son aquellas que permiten el seguimiento y an\u00e1lisis del comportamiento de los usuarios de los sitios web para la elaboraci\u00f3n de los perfiles de navegaci\u00f3n de los usuarios o la medici\u00f3n de la actividad de los sitios web.<\/li>\n\n\n\n<li><em>Cookies de personalizaci\u00f3n:<\/em>&nbsp;son aquellas cookies que permiten al usuario acceder al servicio con algunas caracter\u00edsticas de car\u00e1cter general predefinidas con base en ciertos criterios del terminal del usuario (ej.: el tipo de navegador).<\/li>\n\n\n\n<li><em>Cookies publicitarias:<\/em>&nbsp;son aquellas que permiten la gesti\u00f3n de los espacios publicitarios que el titular del sitio web haya decidido incluir en la misma.<\/li>\n\n\n\n<li><em>Cookies de publicidad comportamental<\/em>: son las cookies que almacenan informaci\u00f3n acerca de los h\u00e1bitos de navegaci\u00f3n de los usuarios, con el objetivo de desarrollar una publicidad espec\u00edfica para los mismos basada en sus intereses.<\/li>\n<\/ul>\n\n\n\n<p>Con relaci\u00f3n al uso concreto de cookies por el presente sitio web, CRISTINA RODR\u00cdGUEZ EIJO le informa de que podr\u00e1 utilizar cookies propias o de terceros para algunas de las cuales no es necesario o est\u00e1n exentas de obtener el consentimiento de los usuarios, por encontrarse excluidas del cumplimiento de las obligaciones se\u00f1aladas en el art\u00edculo 22.2 de la LSSI, respecto a la informaci\u00f3n y consentimiento del usuario. Asimismo, el presente sitio web tambi\u00e9n podr\u00e1 utilizar cookies que s\u00ed requerir\u00e1n la informaci\u00f3n y el consentimiento de los usuarios.<\/p>\n\n\n\n<p>A continuaci\u00f3n, se relacionan todas las cookies instaladas y empleadas espec\u00edficamente por el presente sitio web:<\/p>\n\n\n\n<figure class=\"wp-block-table\"><table><thead><tr><td>Nombre<\/td><td>Proveedor<\/td><td>Prop\u00f3sito<\/td><td>Caducidad<\/td><td>Tipo<\/td><\/tr><\/thead><tbody><tr><td>woocommerce_cart_hash<\/td><td>marmeladasamorena.es<\/td><td>Necesaria para que la funci\u00f3n de cesta de la compra de la web recuerde los productos elegidos \u2013 Esto tambi\u00e9n permite a la web la promoci\u00f3n de productos relacionados al visitante, basada en el contenido de la cesta de la compra..<\/td><td>Sesi\u00f3n<\/td><td>Necesaria<\/td><\/tr><tr><td>woocommerce_items_in_cart<\/td><td>marmeladasamorena.es<\/td><td>Necesaria para que la funci\u00f3n de cesta de la compra de la web recuerde los productos elegidos \u2013 Esto tambi\u00e9n permite a la web la promoci\u00f3n de productos relacionados al visitante, basada en el contenido de la cesta de la compra..<\/td><td>Sesi\u00f3n<\/td><td>Necesaria<\/td><\/tr><tr><td>woocommerce_recently_viewed<\/td><td>marmeladasamorena.es<\/td><td>Contiene datos de los \u00faltimos productos vistos por el visitante. Se utilizan para estad\u00edsticas internas del operador de la web..<\/td><td>Sesi\u00f3n<\/td><td>Estad\u00edstica<\/td><\/tr><tr><td>_ga<\/td><td>marmeladasamorena.es<\/td><td>Registra una identificaci\u00f3n \u00fanica que se utiliza para generar datos estad\u00edsticos acerca de c\u00f3mo utiliza el visitante el sitio web.<\/td><td>2 a\u00f1os<\/td><td>Anal\u00edtica<\/td><\/tr><tr><td>_gat<\/td><td>marmeladasamorena.es<\/td><td>Utilizado por Google Analytics para controlar la tasa de peticiones.<\/td><td>1 d\u00eda<\/td><td>Anal\u00edtica<\/td><\/tr><tr><td>_gat_UA-70363379-1<\/td><td>marmeladasamorena.es<\/td><td>Registra una identificaci\u00f3n \u00fanica que se utiliza para generar datos estad\u00edsticos acerca de c\u00f3mo utiliza el visitante el sitio web.<\/td><td>1 minuto<\/td><td>Anal\u00edtica<\/td><\/tr><\/tbody><\/table><\/figure>\n\n\n\n<h2 class=\"wp-block-heading\">revocaci\u00f3n y eliminaci\u00f3n de cookies<\/h2>\n\n\n\n<p>En cumplimiento de lo dispuesto por el art\u00edculo 22 de la LSSI, CRISTINA RODR\u00cdGUEZ EIJO le informa de que usted puede configurar su navegador para permitir, bloquear, eliminar o desactivar las cookies instaladas en su equipo o terminal, mediante la configuraci\u00f3n de las opciones del navegador instalado en su equipo. En caso de que no permita la instalaci\u00f3n de cookies en su navegador, es posible que no pueda acceder a alguno de los apartados o funcionalidades del presente sitio web. Para configurar el navegador y desactivar o administrar la instalaci\u00f3n de cookies, puede obtener m\u00e1s informaci\u00f3n haciendo clic en los siguientes enlaces que le proporcionamos, en funci\u00f3n del navegador que usted utiliza:<\/p>\n\n\n\n<ul class=\"wp-block-list\">\n<li><a href=\"http:\/\/support.mozilla.org\/es\/kb\/habilitar-y-deshabilitar-cookies-que-los-sitios-we\" target=\"_blank\" rel=\"noreferrer noopener\">Firefox<\/a><\/li>\n\n\n\n<li><a href=\"http:\/\/support.google.com\/chrome\/bin\/answer.py?hl=es&amp;answer=95647\" target=\"_blank\" rel=\"noreferrer noopener\">Chrome<\/a><\/li>\n\n\n\n<li><a href=\"http:\/\/windows.microsoft.com\/es-es\/windows7\/how-to-manage-cookies-in-internet-explorer-9\" target=\"_blank\" rel=\"noreferrer noopener\">Explorer<\/a><\/li>\n\n\n\n<li><a href=\"http:\/\/support.apple.com\/kb\/ph5042\" target=\"_blank\" rel=\"noreferrer noopener\">Safari<\/a><\/li>\n<\/ul>\n\n\n\n<h2 class=\"wp-block-heading\">actualizaci\u00f3n de la presente pol\u00edtica de cookies<\/h2>\n\n\n\n<p>CRISTINA RODR\u00cdGUEZ EIJO se reserva el derecho de actualizar la presente Pol\u00edtica de Cookies, para dar cumplimiento a exigencias legales o t\u00e9cnicas. Con base en ello, le recomendamos que revise esta Pol\u00edtica de Cookies peri\u00f3dicamente con el objetivo de estar adecuadamente informado acerca de las cookies que emplea el presente sitio web y sus finalidades.<\/p>\n","protected":false},"excerpt":{"rendered":"<p>Una cookie es un fichero que se descarga en tu ordenador al acceder a determinadas p\u00e1ginas web. Las cookies permiten a una p\u00e1gina web, entre otras cosas, almacenar y recuperar informaci\u00f3n sobre los h\u00e1bitos de navegaci\u00f3n de un usuario o de su equipo y, dependiendo de la informaci\u00f3n que contengan y de la forma en que utilice tu equipo, pueden utilizarse para reconocer al usuario. El navegador del usuario memoriza cookies en el disco duro solamente durante la sesi\u00f3n actual ocupando un espacio de memoria m\u00ednimo y no perjudicando al ordenador. Las cookies no contienen ninguna clase de informaci\u00f3n personal espec\u00edfica, y la mayor\u00eda de estas se borran del disco duro al finalizar la sesi\u00f3n de navegador (las denominadas cookies de sesi\u00f3n). La mayor\u00eda de los navegadores aceptan como est\u00e1ndar a las cookies y, con independencia de estas, permiten o impiden en los ajustes de seguridad las cookies temporales o memorizadas. \u00bfqu\u00e9 tipos de cookies utiliza el presente sitio web y con qu\u00e9 finalidad? Seg\u00fan la entidad que las gestiona Seg\u00fan el tiempo que permanecen activadas Seg\u00fan su finalidad Con relaci\u00f3n al uso concreto de cookies por el presente sitio web, CRISTINA RODR\u00cdGUEZ EIJO le informa de que podr\u00e1 utilizar cookies propias o de terceros para algunas de las cuales no es necesario o est\u00e1n exentas de obtener el consentimiento de los usuarios, por encontrarse excluidas del cumplimiento de las obligaciones se\u00f1aladas en el art\u00edculo 22.2 de la LSSI, respecto a la informaci\u00f3n y consentimiento del usuario. Asimismo, el presente sitio web tambi\u00e9n podr\u00e1 utilizar cookies que s\u00ed requerir\u00e1n la informaci\u00f3n y el consentimiento de los usuarios. A continuaci\u00f3n, se relacionan todas las cookies instaladas y empleadas espec\u00edficamente por el presente sitio web: Nombre Proveedor Prop\u00f3sito Caducidad Tipo woocommerce_cart_hash marmeladasamorena.es Necesaria para que la funci\u00f3n de cesta de la compra de la web recuerde los productos elegidos \u2013 Esto tambi\u00e9n permite a la web la promoci\u00f3n de productos relacionados al visitante, basada en el contenido de la cesta de la compra.. Sesi\u00f3n Necesaria woocommerce_items_in_cart marmeladasamorena.es Necesaria para que la funci\u00f3n de cesta de la compra de la web recuerde los productos elegidos \u2013 Esto tambi\u00e9n permite a la web la promoci\u00f3n de productos relacionados al visitante, basada en el contenido de la cesta de la compra.. Sesi\u00f3n Necesaria woocommerce_recently_viewed marmeladasamorena.es Contiene datos de los \u00faltimos productos vistos por el visitante. Se utilizan para estad\u00edsticas internas del operador de la web.. Sesi\u00f3n Estad\u00edstica _ga marmeladasamorena.es Registra una identificaci\u00f3n \u00fanica que se utiliza para generar datos estad\u00edsticos acerca de c\u00f3mo utiliza el visitante el sitio web. 2 a\u00f1os Anal\u00edtica _gat marmeladasamorena.es Utilizado por Google Analytics para controlar la tasa de peticiones. 1 d\u00eda Anal\u00edtica _gat_UA-70363379-1 marmeladasamorena.es Registra una identificaci\u00f3n \u00fanica que se utiliza para generar datos estad\u00edsticos acerca de c\u00f3mo utiliza el visitante el sitio web. 1 minuto Anal\u00edtica revocaci\u00f3n y eliminaci\u00f3n de cookies En cumplimiento de lo dispuesto por el art\u00edculo 22 de la LSSI, CRISTINA RODR\u00cdGUEZ EIJO le informa de que usted puede configurar su navegador para permitir, bloquear, eliminar o desactivar las cookies instaladas en su equipo o terminal, mediante la configuraci\u00f3n de las opciones del navegador instalado en su equipo. En caso de que no permita la instalaci\u00f3n de cookies en su navegador, es posible que no pueda acceder a alguno de los apartados o funcionalidades del presente sitio web. Para configurar el navegador y desactivar o administrar la instalaci\u00f3n de cookies, puede obtener m\u00e1s informaci\u00f3n haciendo clic en los siguientes enlaces que le proporcionamos, en funci\u00f3n del navegador que usted utiliza: actualizaci\u00f3n de la presente pol\u00edtica de cookies CRISTINA RODR\u00cdGUEZ EIJO se reserva el derecho de actualizar la presente Pol\u00edtica de Cookies, para dar cumplimiento a exigencias legales o t\u00e9cnicas. Con base en ello, le recomendamos que revise esta Pol\u00edtica de Cookies peri\u00f3dicamente con el objetivo de estar adecuadamente informado acerca de las cookies que emplea el presente sitio web y sus finalidades.<\/p>\n","protected":false},"author":1,"featured_media":0,"parent":0,"menu_order":0,"comment_status":"closed","ping_status":"closed","template":"","meta":{"footnotes":""},"class_list":["post-280","page","type-page","status-publish"],"aioseo_notices":[],"_links":{"self":[{"href":"https:\/\/marmeladasamorena.es\/index.php\/wp-json\/wp\/v2\/pages\/280","targetHints":{"allow":["GET"]}}],"collection":[{"href":"https:\/\/marmeladasamorena.es\/index.php\/wp-json\/wp\/v2\/pages"}],"about":[{"href":"https:\/\/marmeladasamorena.es\/index.php\/wp-json\/wp\/v2\/types\/page"}],"author":[{"embeddable":true,"href":"https:\/\/marmeladasamorena.es\/index.php\/wp-json\/wp\/v2\/users\/1"}],"replies":[{"embeddable":true,"href":"https:\/\/marmeladasamorena.es\/index.php\/wp-json\/wp\/v2\/comments?post=280"}],"version-history":[{"count":2,"href":"https:\/\/marmeladasamorena.es\/index.php\/wp-json\/wp\/v2\/pages\/280\/revisions"}],"predecessor-version":[{"id":282,"href":"https:\/\/marmeladasamorena.es\/index.php\/wp-json\/wp\/v2\/pages\/280\/revisions\/282"}],"wp:attachment":[{"href":"https:\/\/marmeladasamorena.es\/index.php\/wp-json\/wp\/v2\/media?parent=280"}],"curies":[{"name":"wp","href":"https:\/\/api.w.org\/{rel}","templated":true}]}}