{"id":283,"date":"2023-09-14T11:16:28","date_gmt":"2023-09-14T11:16:28","guid":{"rendered":"https:\/\/marmeladasamorena.es\/?page_id=283"},"modified":"2023-09-14T11:16:29","modified_gmt":"2023-09-14T11:16:29","slug":"aviso-legal","status":"publish","type":"page","link":"https:\/\/marmeladasamorena.es\/index.php\/aviso-legal\/","title":{"rendered":"Aviso legal"},"content":{"rendered":"\n<p>En cumplimiento de la Ley 34\/2002, de 11 de junio, de servicios de la sociedad de la informaci\u00f3n y de comercio electr\u00f3nico (LSSI), le facilitamos informaci\u00f3n sobre el titular de la presente p\u00e1gina web:<\/p>\n\n\n\n<p>CRISTINA RODR\u00cdGUEZ EIJO<\/p>\n\n\n\n<p>CIF: 77597241W<\/p>\n\n\n\n<p>LUGAR O RATO 1, SARGADELOS \u2013 27891 CERVO, LUGO<\/p>\n\n\n\n<h2 class=\"wp-block-heading\">1.- Condiciones generales de uso del portal<\/h2>\n\n\n\n<p>El portal https:\/\/marmeladasamorena.es\u00a0tiene por objeto informar al p\u00fablico en general sobre sus servicios.<\/p>\n\n\n\n<p>La visita y uso de este portal web implica la aceptaci\u00f3n total y expresa de las condiciones expuestas en el presente aviso legal, por lo que al utilizar esta p\u00e1gina web, usted consiente quedar vinculado por estas condiciones, por nuestra Pol\u00edtica de Privacidad y Cookies, por lo que, si no est\u00e1 usted de acuerdo con todas las condiciones expuestas en nuestro Aviso Legal, Pol\u00edtica de Privacidad y Cookies, no debe usar esta p\u00e1gina web.<\/p>\n\n\n\n<p>CRISTINA RODR\u00cdGUEZ EIJO se reserva el derecho de efectuar, sin previo aviso, las modificaciones que considere oportunas en su portal, pudiendo cambiar, suprimir, a\u00f1adir o actualizar la informaci\u00f3n contenida en su Web o en la configuraci\u00f3n y presentaci\u00f3n de \u00e9sta.<\/p>\n\n\n\n<p>Le recomendamos comprobar la vigencia y exactitud de los contenidos del presente aviso legal, puesto que puede ser modificado, con el fin de mantener actualizada la informaci\u00f3n publicada en el portal.<\/p>\n\n\n\n<p>La vigencia de las condiciones de uso ir\u00e1 en funci\u00f3n de los cambios que vayan resultando necesarios en la p\u00e1gina web. Siempre se publicar\u00e1n las modificaciones oportunas.<\/p>\n\n\n\n<h2 class=\"wp-block-heading\">2.- Protecci\u00f3n de datos<\/h2>\n\n\n\n<p>CRISTINA RODR\u00cdGUEZ EIJO cumple con las directrices de la normativa vigente en materia de protecci\u00f3n de datos: La Ley Org\u00e1nica 3\/2018, de 5 de diciembre, de Protecci\u00f3n de Datos Personales y garant\u00eda de los derechos digitales y el Reglamento General de Protecci\u00f3n de Datos 2016\/679 del Parlamento Europeo y del Consejo de 27 de abril de 2016 y se compromete a garantizar un correcto uso y tratamiento de datos de car\u00e1cter personal de los usuarios.<\/p>\n\n\n\n<p>Deber\u00e1 acceder a la Pol\u00edtica de Privacidad de CRISTINA RODR\u00cdGUEZ EIJO en el siguiente enlace:\u00a0<a href=\"https:\/\/marmeladasamorena.es\/index.php\/politica-privacidad\/\">pol\u00edtica de privacidad<\/a><a href=\"https:\/\/www.a-morena.es\/politica-de-privacidad,\">,<\/a>\u00a0para obtener informaci\u00f3n sobre el tratamiento de sus datos de car\u00e1cter personal.<\/p>\n\n\n\n<h2 class=\"wp-block-heading\">3.- Propiedad intelectual e industrial<\/h2>\n\n\n\n<p>CRISTINA RODR\u00cdGUEZ EIJO es la titular de todos los derechos de propiedad intelectual e industrial de los contenidos de su p\u00e1gina web, as\u00ed como de cualquier imagen, sonido, audio, video, software, textos, marcas o logotipos, etc. Y est\u00e1n protegidos por los correspondientes derechos de propiedad intelectual e industrial.<\/p>\n\n\n\n<p>Quedan expresamente prohibidas la reproducci\u00f3n, la comunicaci\u00f3n p\u00fablica y distribuci\u00f3n de cualquier contenido de esta p\u00e1gina web, con fines comerciales, en cualquier soporte y por cualquier medio t\u00e9cnico, sin la autorizaci\u00f3n previa y expresa de CRISTINA RODR\u00cdGUEZ EIJO.<\/p>\n\n\n\n<p>S\u00ed se autoriza al uso del contenido de la p\u00e1gina web como uso personal y privado. Cualquier otro uso deber\u00e1 ser comunicado y autorizado por CRISTINA RODR\u00cdGUEZ EIJO previa y expresamente.<\/p>\n\n\n\n<h2 class=\"wp-block-heading\">4.- Responsabilidad<\/h2>\n\n\n\n<p>CRISTINA RODR\u00cdGUEZ EIJO no garantiza la inexistencia de errores en el contenido de la web, ni que este se encuentre actualizado, aunque su intenci\u00f3n ser\u00e1 siempre la de evitarlos, subsanarlos o actualizaros.<\/p>\n\n\n\n<p>CRISTINA RODR\u00cdGUEZ EIJO no se hace responsable de los da\u00f1os y perjuicios de cualquier naturaleza que puedan causarle al sistema inform\u00e1tico del usuario de la p\u00e1gina web, como consecuencia de la presencia de virus o del mal funcionamiento del navegador.<\/p>\n\n\n\n<h2 class=\"wp-block-heading\">5.- Enlaces<\/h2>\n\n\n\n<p>CRISTINA RODR\u00cdGUEZ EIJO puede publicar enlaces externos y ajenos a esta p\u00e1gina web por considerarlos de inter\u00e9s. Al ser enlaces ajenos, CRISTINA RODR\u00cdGUEZ EIJO no se hace responsable del contenido de esos hiperv\u00ednculos, ni garantiza su disponibilidad t\u00e9cnica, calidad, fiabilidad, exactitud y constitucionalidad de cualquier material o formaci\u00f3n contenida en los mismos.<\/p>\n\n\n\n<p>La inclusi\u00f3n de estos hiperv\u00ednculos no implica ning\u00fan tipo de asociaci\u00f3n con las entidades propietarias de los mismos.<\/p>\n\n\n\n<h2 class=\"wp-block-heading\">6.- Derecho de exclusi\u00f3n<\/h2>\n\n\n\n<p>CRISTINA RODR\u00cdGUEZ EIJO podr\u00e1 impedir el acceso a la web a cualquier usuario que incumpla las condiciones reflejadas en el presente aviso legal.<\/p>\n\n\n\n<h2 class=\"wp-block-heading\">7.- Legislaci\u00f3n aplicable y jurisdicci\u00f3n<\/h2>\n\n\n\n<ul class=\"wp-block-list\">\n<li>Ley de Servicios de la Sociedad de Informaci\u00f3n y Comercio Electr\u00f3nico (LSSICE).<\/li>\n\n\n\n<li>Ley Org\u00e1nica de Protecci\u00f3n de Datos Personales y garant\u00eda de los derechos digitales (LOPDGDD).<\/li>\n\n\n\n<li>Reglamento General de Protecci\u00f3n de Datos (UE) 2016\/679.<\/li>\n\n\n\n<li>Ley General para la Defensa de los Consumidores y Usuarios.<\/li>\n<\/ul>\n","protected":false},"excerpt":{"rendered":"<p>En cumplimiento de la Ley 34\/2002, de 11 de junio, de servicios de la sociedad de la informaci\u00f3n y de comercio electr\u00f3nico (LSSI), le facilitamos informaci\u00f3n sobre el titular de la presente p\u00e1gina web: CRISTINA RODR\u00cdGUEZ EIJO CIF: 77597241W LUGAR O RATO 1, SARGADELOS \u2013 27891 CERVO, LUGO 1.- Condiciones generales de uso del portal El portal https:\/\/marmeladasamorena.es\u00a0tiene por objeto informar al p\u00fablico en general sobre sus servicios. La visita y uso de este portal web implica la aceptaci\u00f3n total y expresa de las condiciones expuestas en el presente aviso legal, por lo que al utilizar esta p\u00e1gina web, usted consiente quedar vinculado por estas condiciones, por nuestra Pol\u00edtica de Privacidad y Cookies, por lo que, si no est\u00e1 usted de acuerdo con todas las condiciones expuestas en nuestro Aviso Legal, Pol\u00edtica de Privacidad y Cookies, no debe usar esta p\u00e1gina web. CRISTINA RODR\u00cdGUEZ EIJO se reserva el derecho de efectuar, sin previo aviso, las modificaciones que considere oportunas en su portal, pudiendo cambiar, suprimir, a\u00f1adir o actualizar la informaci\u00f3n contenida en su Web o en la configuraci\u00f3n y presentaci\u00f3n de \u00e9sta. Le recomendamos comprobar la vigencia y exactitud de los contenidos del presente aviso legal, puesto que puede ser modificado, con el fin de mantener actualizada la informaci\u00f3n publicada en el portal. La vigencia de las condiciones de uso ir\u00e1 en funci\u00f3n de los cambios que vayan resultando necesarios en la p\u00e1gina web. Siempre se publicar\u00e1n las modificaciones oportunas. 2.- Protecci\u00f3n de datos CRISTINA RODR\u00cdGUEZ EIJO cumple con las directrices de la normativa vigente en materia de protecci\u00f3n de datos: La Ley Org\u00e1nica 3\/2018, de 5 de diciembre, de Protecci\u00f3n de Datos Personales y garant\u00eda de los derechos digitales y el Reglamento General de Protecci\u00f3n de Datos 2016\/679 del Parlamento Europeo y del Consejo de 27 de abril de 2016 y se compromete a garantizar un correcto uso y tratamiento de datos de car\u00e1cter personal de los usuarios. Deber\u00e1 acceder a la Pol\u00edtica de Privacidad de CRISTINA RODR\u00cdGUEZ EIJO en el siguiente enlace:\u00a0pol\u00edtica de privacidad,\u00a0para obtener informaci\u00f3n sobre el tratamiento de sus datos de car\u00e1cter personal. 3.- Propiedad intelectual e industrial CRISTINA RODR\u00cdGUEZ EIJO es la titular de todos los derechos de propiedad intelectual e industrial de los contenidos de su p\u00e1gina web, as\u00ed como de cualquier imagen, sonido, audio, video, software, textos, marcas o logotipos, etc. Y est\u00e1n protegidos por los correspondientes derechos de propiedad intelectual e industrial. Quedan expresamente prohibidas la reproducci\u00f3n, la comunicaci\u00f3n p\u00fablica y distribuci\u00f3n de cualquier contenido de esta p\u00e1gina web, con fines comerciales, en cualquier soporte y por cualquier medio t\u00e9cnico, sin la autorizaci\u00f3n previa y expresa de CRISTINA RODR\u00cdGUEZ EIJO. S\u00ed se autoriza al uso del contenido de la p\u00e1gina web como uso personal y privado. Cualquier otro uso deber\u00e1 ser comunicado y autorizado por CRISTINA RODR\u00cdGUEZ EIJO previa y expresamente. 4.- Responsabilidad CRISTINA RODR\u00cdGUEZ EIJO no garantiza la inexistencia de errores en el contenido de la web, ni que este se encuentre actualizado, aunque su intenci\u00f3n ser\u00e1 siempre la de evitarlos, subsanarlos o actualizaros. CRISTINA RODR\u00cdGUEZ EIJO no se hace responsable de los da\u00f1os y perjuicios de cualquier naturaleza que puedan causarle al sistema inform\u00e1tico del usuario de la p\u00e1gina web, como consecuencia de la presencia de virus o del mal funcionamiento del navegador. 5.- Enlaces CRISTINA RODR\u00cdGUEZ EIJO puede publicar enlaces externos y ajenos a esta p\u00e1gina web por considerarlos de inter\u00e9s. Al ser enlaces ajenos, CRISTINA RODR\u00cdGUEZ EIJO no se hace responsable del contenido de esos hiperv\u00ednculos, ni garantiza su disponibilidad t\u00e9cnica, calidad, fiabilidad, exactitud y constitucionalidad de cualquier material o formaci\u00f3n contenida en los mismos. La inclusi\u00f3n de estos hiperv\u00ednculos no implica ning\u00fan tipo de asociaci\u00f3n con las entidades propietarias de los mismos. 6.- Derecho de exclusi\u00f3n CRISTINA RODR\u00cdGUEZ EIJO podr\u00e1 impedir el acceso a la web a cualquier usuario que incumpla las condiciones reflejadas en el presente aviso legal. 7.- Legislaci\u00f3n aplicable y jurisdicci\u00f3n<\/p>\n","protected":false},"author":1,"featured_media":0,"parent":0,"menu_order":0,"comment_status":"closed","ping_status":"closed","template":"","meta":{"footnotes":""},"class_list":["post-283","page","type-page","status-publish"],"aioseo_notices":[],"_links":{"self":[{"href":"https:\/\/marmeladasamorena.es\/index.php\/wp-json\/wp\/v2\/pages\/283","targetHints":{"allow":["GET"]}}],"collection":[{"href":"https:\/\/marmeladasamorena.es\/index.php\/wp-json\/wp\/v2\/pages"}],"about":[{"href":"https:\/\/marmeladasamorena.es\/index.php\/wp-json\/wp\/v2\/types\/page"}],"author":[{"embeddable":true,"href":"https:\/\/marmeladasamorena.es\/index.php\/wp-json\/wp\/v2\/users\/1"}],"replies":[{"embeddable":true,"href":"https:\/\/marmeladasamorena.es\/index.php\/wp-json\/wp\/v2\/comments?post=283"}],"version-history":[{"count":2,"href":"https:\/\/marmeladasamorena.es\/index.php\/wp-json\/wp\/v2\/pages\/283\/revisions"}],"predecessor-version":[{"id":289,"href":"https:\/\/marmeladasamorena.es\/index.php\/wp-json\/wp\/v2\/pages\/283\/revisions\/289"}],"wp:attachment":[{"href":"https:\/\/marmeladasamorena.es\/index.php\/wp-json\/wp\/v2\/media?parent=283"}],"curies":[{"name":"wp","href":"https:\/\/api.w.org\/{rel}","templated":true}]}}